{"id":40,"date":"2017-01-03T15:57:03","date_gmt":"2017-01-03T14:57:03","guid":{"rendered":"http:\/\/abbq.wst-prelive.net\/?page_id=40"},"modified":"2017-01-06T15:16:14","modified_gmt":"2017-01-06T14:16:14","slug":"vorzuege-des-allgaeu-bbq","status":"publish","type":"page","link":"https:\/\/www.allgaeu-bbq.de\/index.php\/herzlich-willkommen\/vorzuege-des-allgaeu-bbq\/","title":{"rendered":"Vorz\u00fcge des Allg\u00e4u BBQ"},"content":{"rendered":"<p><strong>Allg\u00e4u BBQ Grills sind handgefertigt und bestehen nur aus hochwertigen Materialien. Sie kaufen ein echtes Qualit\u00e4tsprodukt.<\/strong><\/p>\n<ul>\n<li><strong>Gesundes Grillen<\/strong>\n<ul>\n<li><strong>Mit dem Allg\u00e4u-BBQ-Grill grillen Sie auch ges\u00fcnder wie bisher. Durch die durchg\u00e4ngige Edelstahl-Grillplatte tropft kein Fett in das Feuer und erzeugt damit keine giftige Gase.<\/strong><\/li>\n<\/ul>\n<\/li>\n<li><strong>Durch die durchgezogene Grillplatte gelingt jedes Steak perfekt. Ideale Hitzeverteilung und kein Austrocknen des Grillgut.<\/strong><\/li>\n<li><strong>Universelles Grillen. Unterschiedliche Grillzonen erlauben individuelle und vielseitige Zubereitung unterschiedlichster Spei\u00dfen.<\/strong>\n<ul>\n<li><strong>Schonendes Garen von Fisch und Gem\u00fcse.<\/strong><\/li>\n<li><strong>Scharfes Braten von Fleisch, Steak und Rippchen.<\/strong><\/li>\n<li><strong>Garen von Spiegeleier.<\/strong><\/li>\n<\/ul>\n<\/li>\n<li><strong>Individuelle Gr\u00f6ssen<\/strong>\n<ul>\n<li><strong>Der Allg\u00e4u BBQ ist\u00a0in unterschiedlichen Gr\u00f6\u00dfen verf\u00fcgbar. Somit findet sich der passende Grill, f\u00fcr Ihre Anspr\u00fcche<\/strong><\/li>\n<\/ul>\n<\/li>\n<\/ul>\n<p><strong>Ihrer Phantasie sind keine Grenzen gesetzt, \u00fcberzeugen Sie sich selbst vom\u00a0Allg\u00e4u-BBQ Grill\u00a0und lassen Sie Ihre Grillparty zum echten Erlebnis f\u00fcr Ihre G\u00e4ste und sich selber werden.<\/strong><\/p>\n","protected":false},"excerpt":{"rendered":"<p>Allg\u00e4u BBQ Grills sind handgefertigt und bestehen nur aus hochwertigen Materialien. Sie kaufen ein echtes Qualit\u00e4tsprodukt. Gesundes Grillen Mit dem Allg\u00e4u-BBQ-Grill grillen Sie auch ges\u00fcnder wie bisher. Durch die durchg\u00e4ngige Edelstahl-Grillplatte tropft kein Fett in das Feuer und erzeugt damit keine giftige Gase. Durch die durchgezogene Grillplatte gelingt jedes Steak perfekt. Ideale Hitzeverteilung und kein [&hellip;]<\/p>\n","protected":false},"author":1,"featured_media":0,"parent":23,"menu_order":0,"comment_status":"closed","ping_status":"closed","template":"","meta":{"footnotes":""},"class_list":["post-40","page","type-page","status-publish","hentry"],"jetpack_sharing_enabled":true,"_links":{"self":[{"href":"https:\/\/www.allgaeu-bbq.de\/index.php\/wp-json\/wp\/v2\/pages\/40","targetHints":{"allow":["GET"]}}],"collection":[{"href":"https:\/\/www.allgaeu-bbq.de\/index.php\/wp-json\/wp\/v2\/pages"}],"about":[{"href":"https:\/\/www.allgaeu-bbq.de\/index.php\/wp-json\/wp\/v2\/types\/page"}],"author":[{"embeddable":true,"href":"https:\/\/www.allgaeu-bbq.de\/index.php\/wp-json\/wp\/v2\/users\/1"}],"replies":[{"embeddable":true,"href":"https:\/\/www.allgaeu-bbq.de\/index.php\/wp-json\/wp\/v2\/comments?post=40"}],"version-history":[{"count":2,"href":"https:\/\/www.allgaeu-bbq.de\/index.php\/wp-json\/wp\/v2\/pages\/40\/revisions"}],"predecessor-version":[{"id":42,"href":"https:\/\/www.allgaeu-bbq.de\/index.php\/wp-json\/wp\/v2\/pages\/40\/revisions\/42"}],"up":[{"embeddable":true,"href":"https:\/\/www.allgaeu-bbq.de\/index.php\/wp-json\/wp\/v2\/pages\/23"}],"wp:attachment":[{"href":"https:\/\/www.allgaeu-bbq.de\/index.php\/wp-json\/wp\/v2\/media?parent=40"}],"curies":[{"name":"wp","href":"https:\/\/api.w.org\/{rel}","templated":true}]}}