{"id":23,"date":"2016-01-31T17:17:45","date_gmt":"2016-01-31T16:17:45","guid":{"rendered":"http:\/\/abbq.wst-prelive.net\/?page_id=23"},"modified":"2020-12-29T18:23:46","modified_gmt":"2020-12-29T17:23:46","slug":"herzlich-willkommen","status":"publish","type":"page","link":"https:\/\/www.allgaeu-bbq.de\/","title":{"rendered":"Herzlich Willkommen"},"content":{"rendered":"<p><strong><span style=\"color: #000000;\">Wie w\u00e4re es einmal mit einem Edelstahlgrill der nicht aus dem Baumarkt stammt, einen der nicht schon auf der Terrasse Ihres Nachbarn steht, einen den Sie nicht mehr ersetzen m\u00fcssen weil er noch nach vielen Jahren seinen Dienst verrichtet? Der ges\u00fcnder grillt, wie andere Grills und au\u00dferdem noch vielseitig einsetzbar ist. Wenn Sie dies w\u00fcnschen, sind Sie bei&nbsp;allgaeu-bbq.de&nbsp;genau richtig! Bei uns finden Sie absolut hochwertige Profigrills aus deutscher Meister-Fertigung zu mehr als fairen Preisen!<\/span><\/strong><\/p>\n<p><strong><span style=\"color: #000000;\">Vorteile von einem Allg\u00e4u-BBQ-Grill:<\/span><\/strong><\/p>\n<p><strong><span style=\"color: #000000;\">\u00b7&nbsp;&nbsp;&nbsp;&nbsp;&nbsp;&nbsp;&nbsp; hochwertige Materialien<\/span><\/strong><\/p>\n<p><strong><span style=\"color: #000000;\">\u00b7&nbsp;&nbsp;&nbsp;&nbsp;&nbsp;&nbsp;&nbsp; Ges\u00fcnder grillen, durch Verhinderung von giftigen Gasen<\/span><\/strong><\/p>\n<p><strong><span style=\"color: #000000;\">\u00b7&nbsp;&nbsp;&nbsp;&nbsp;&nbsp;&nbsp;&nbsp; mehrere Grillbereiche, um wirklich jedes Grillgut passend zu grillen, garen, braten<\/span><\/strong><\/p>\n<p><strong><span style=\"color: #000000;\">\u00b7&nbsp;&nbsp;&nbsp;&nbsp;&nbsp;&nbsp;&nbsp; kann im Winter und im Sommer im Freien stehen<\/span><\/strong><\/p>\n<p><strong><span style=\"color: #000000;\">\u00b7&nbsp;&nbsp;&nbsp;&nbsp;&nbsp;&nbsp;&nbsp; einfache Reinigung selbst bei festgebrannten Grillfleischresten<\/span><\/strong><\/p>\n<p><strong><span style=\"color: #000000;\">\u00b7&nbsp;&nbsp;&nbsp;&nbsp;&nbsp;&nbsp;&nbsp; einzigartige Optik<\/span><\/strong><\/p>\n<p><strong><span style=\"color: #000000;\">\u00b7&nbsp;&nbsp;&nbsp;&nbsp;&nbsp;&nbsp;&nbsp; sehr robust<\/span><\/strong><\/p>\n<p class=\"mail-jck\"><strong><span style=\"color: #000000;\">Wenn Sie noch weitere Fragen an uns haben, oder sich selbst vom Allg\u00e4u-BBQ-Grill \u00fcberzeugen m\u00f6chten, treten Sie mit uns in Kontakt. Entweder \u00fcber das Kontaktformular oder per E-Mail an info[a]allgaeu-bbq.de<\/span><\/strong><\/p>\n<p><strong><span style=\"color: #000000;\">Schon jetzt bedanken wir uns f\u00fcr Ihr Vertrauen und w\u00fcnschen Ihnen viel Spa\u00df auf unserer Seite!<\/span><\/strong><\/p>\n<p><strong><span style=\"color: #000000;\">Ihr Allg\u00e4u-BBQ Team<\/span><\/strong><\/p>\n","protected":false},"excerpt":{"rendered":"<p>Wie w\u00e4re es einmal mit einem Edelstahlgrill der nicht aus dem Baumarkt stammt, einen der nicht schon auf der Terrasse Ihres Nachbarn steht, einen den Sie nicht mehr ersetzen m\u00fcssen weil er noch nach vielen Jahren seinen Dienst verrichtet? Der ges\u00fcnder grillt, wie andere Grills und au\u00dferdem noch vielseitig einsetzbar ist. Wenn Sie dies w\u00fcnschen, [&hellip;]<\/p>\n","protected":false},"author":1,"featured_media":0,"parent":0,"menu_order":0,"comment_status":"closed","ping_status":"closed","template":"templates\/homepage-template.php","meta":{"footnotes":""},"class_list":["post-23","page","type-page","status-publish","hentry"],"jetpack_sharing_enabled":true,"_links":{"self":[{"href":"https:\/\/www.allgaeu-bbq.de\/index.php\/wp-json\/wp\/v2\/pages\/23","targetHints":{"allow":["GET"]}}],"collection":[{"href":"https:\/\/www.allgaeu-bbq.de\/index.php\/wp-json\/wp\/v2\/pages"}],"about":[{"href":"https:\/\/www.allgaeu-bbq.de\/index.php\/wp-json\/wp\/v2\/types\/page"}],"author":[{"embeddable":true,"href":"https:\/\/www.allgaeu-bbq.de\/index.php\/wp-json\/wp\/v2\/users\/1"}],"replies":[{"embeddable":true,"href":"https:\/\/www.allgaeu-bbq.de\/index.php\/wp-json\/wp\/v2\/comments?post=23"}],"version-history":[{"count":6,"href":"https:\/\/www.allgaeu-bbq.de\/index.php\/wp-json\/wp\/v2\/pages\/23\/revisions"}],"predecessor-version":[{"id":91,"href":"https:\/\/www.allgaeu-bbq.de\/index.php\/wp-json\/wp\/v2\/pages\/23\/revisions\/91"}],"wp:attachment":[{"href":"https:\/\/www.allgaeu-bbq.de\/index.php\/wp-json\/wp\/v2\/media?parent=23"}],"curies":[{"name":"wp","href":"https:\/\/api.w.org\/{rel}","templated":true}]}}