{"id":13,"date":"2016-01-31T16:00:30","date_gmt":"2016-01-31T15:00:30","guid":{"rendered":"http:\/\/abbq.wst-prelive.net\/?page_id=13"},"modified":"2023-11-24T19:25:59","modified_gmt":"2023-11-24T18:25:59","slug":"agb","status":"publish","type":"page","link":"https:\/\/www.allgaeu-bbq.de\/index.php\/agb\/","title":{"rendered":"AGB"},"content":{"rendered":"<p><strong>AGB<br \/>\n<\/strong>Allgemeine Gesch\u00e4ftsbedingungen der Firma Allg\u00e4u \u2013 BBQ<\/p>\n<p><strong>\u00a71 Geltung gegen\u00fcber Unternehmern und Begriffsdefinitionen<br \/>\n<\/strong><br \/>\n(1) Die nachfolgenden Allgemeinen Gesch\u00e4ftbedingungen gelten f\u00fcr alle Lieferungen zwischen uns und einem Verbraucher in ihrer zum Zeitpunkt der Bestellung g\u00fcltigen Fassung.<\/p>\n<p>(2) \u201eVerbraucher\u201c in Sinne dieser Gesch\u00e4ftsbedingungen ist jede nat\u00fcrliche Person, die ein Rechtsgesch\u00e4ft zu einem Zwecke abschlie\u00dft, der weder ihrer gewerblichen noch ihrer selbst\u00e4ndigen beruflichen T\u00e4tigkeit zugerechnet werden kann.<\/p>\n<p><strong>\u00a72 Zustandekommen eines Vertrages, Speicherung des Vertragstextes<\/strong><\/p>\n<p>(1) Die folgenden Regelungen \u00fcber den Vertragsabschluss gelten f\u00fcr Bestellungen \u00fcber unseren Internetshop http:\/\/www.allgaeu-bbq.de .<\/p>\n<p>(2) Im Falle des Vertragsschlusses kommt der Vertrag mit<\/p>\n<p><strong>Allg\u00e4u \u2013 BBQ<br \/>\nBerthold Mimm<br \/>\nStaibshof 4<br \/>\nD-88353 Ki\u00dflegg<br \/>\n<\/strong><br \/>\nzustande.<\/p>\n<p><strong>(3) Die Pr\u00e4sentation der Waren in unserem Internetshop stellen kein rechtlich bindendes Vertragsangebot unsererseits dar, sondern sind nur eine unverbindliche Aufforderungen an den Verbraucher, Waren zu bestellen. Mit der Bestellung der gew\u00fcnschten Ware gibt der Verbraucher ein f\u00fcr ihn verbindliches Angebot auf Abschluss eines Kaufvertrages ab.<\/strong><\/p>\n<p><strong>Die Annahme des Angebots erfolgt schriftlich oder in Textform oder durch \u00dcbersendung der bestellten Ware innerhalb von einer Woche. Nach fruchtlosem Ablauf der Frist gilt das Angebot als abgelehnt.<\/strong><\/p>\n<p><strong>(4) Bei Eingang einer Bestellung in unserem Internetshop gelten folgende Regelungen: Der Verbraucher gibt ein bindendes Vertragsangebot ab, indem er die in unserem Internetshop vorgesehene Bestellprozedur erfolgreich durchl\u00e4uft.<\/strong><\/p>\n<p><strong>Die Bestellung erfolgt in folgenden Schritten:<\/strong><\/p>\n<p><strong>1) Auswahl der gew\u00fcnschten Ware<\/strong><br \/>\n<strong> 2) Best\u00e4tigen durch Anklicken der Buttons \u201eBestellen\u201c<\/strong><br \/>\n<strong> 3) Pr\u00fcfung der Angaben im Warenkorb<\/strong><br \/>\n<strong> 4) Bet\u00e4tigung des Buttons \u201ezur Kasse\u201c<\/strong><br \/>\n<strong> 5) Anmeldung im Internetshop nach Registrierung und Eingabe der Anmelderangaben (E-Mail-Adresse und Passwort).<\/strong><br \/>\n<strong> 6) Nochmalige Pr\u00fcfung bzw. Berichtigung der jeweiligen eingegebenen Daten.<\/strong><br \/>\n<strong> 7) Verbindliche Absendung der Bestellung.<\/strong><\/p>\n<p><strong>Der Verbraucher kann vor dem verbindlichen Absenden der Bestellung durch Bet\u00e4tigen der in dem von ihm verwendeten Internet-Browser enthaltenen \u201eZur\u00fcck\u201c-Taste nach Kontrolle seiner Angaben wieder zu der Internetseite gelangen, auf der die Angaben des Kunden erfasst werden und Eingabefehler berichtigen bzw. durch Schlie\u00dfen des Internetbrowsers den Bestellvorgang abbrechen. Wir best\u00e4tigen den Eingang der Bestellung unmittelbar durch eine automatisch generierte E-Mail (Eingangsbest\u00e4tigung). Diese stellt noch keine Annahme des Angebotes dar. Die Annahme des Angebots erfolgt schriftlich, in Textform oder durch \u00dcbersendung der bestellten Ware innerhalb einer Woche.<\/strong><\/p>\n<p><strong>(5) Speicherung des Vertragstextes bei Bestellungen \u00fcber unseren Internetshop : Wir speichern den Vertragstext und senden Ihnen die Bestelldaten und unsere AGB per E-Mail zu. Die AGB k\u00f6nnen Sie jederzeit auch unter http:\/\/www.allgaeu-bbq.de\/index.php\/allgemeinegeschaeftsbedingungen einsehen. Ihre vergangenen Bestellungen k\u00f6nnen Sie in unserem Kunden-Bereich unter Mein Konto &#8211;&gt; Meine Bestellungen einsehen.<\/strong><\/p>\n<p><strong>\u00a73 Preise, Versandkosten, Zahlung, F\u00e4lligkeit<br \/>\n<\/strong><br \/>\n<strong> (1) Die angegebenen Preise enthalten die gesetzliche Umsatzsteuer und sonstige Preisbestandteile. Hinzu kommen etwaige Versandkosten.<\/strong><\/p>\n<p><strong>(2) Der Verbraucher hat die M\u00f6glichkeit der Zahlung per Vorkasse, Nachnahme, PayPal .<\/strong><\/p>\n<p><strong>(3) Hat der Verbraucher die Zahlung per Vorkasse gew\u00e4hlt, so verpflichtet er sich, den Kaufpreis unverz\u00fcglich nach Vertragsschluss zu zahlen.<\/strong><br \/>\n<strong> Soweit wir per Nachnahme liefern, tritt die F\u00e4lligkeit der Kaufpreisforderung mit Erhalt der Ware ein.<\/strong><\/p>\n<p><strong>\u00a74 Lieferung<br \/>\n<\/strong><br \/>\n<strong> (1) Sofern wir dies in der Produktbeschreibung nicht deutlich anders angegeben haben, sind alle von uns angebotenen Artikel sofort versandfertig.<\/strong><\/p>\n<p><strong>(2) Hat der Verbraucher die Zahlung per Vorkasse gew\u00e4hlt, so versenden wir die Ware nicht vor Zahlungseingang.<\/strong><\/p>\n<p><strong>\u00a75 Eigentumsvorbehalt<br \/>\n<\/strong><br \/>\n<strong> Wir behalten uns das Eigentum an der Ware bis zur vollst\u00e4ndigen Bezahlung des Kaufpreises vor.<\/strong><\/p>\n<p><strong>****************************************************************************************************<\/strong><\/p>\n<p><strong>\u00a76 Widerrufsrecht<br \/>\n<\/strong><br \/>\n<strong> Widerrufsbelehrung<\/strong><\/p>\n<p><strong>Widerrufsrecht<\/strong><\/p>\n<p><strong>Sie k\u00f6nnen Ihre Vertragserkl\u00e4rung innerhalb von 14 Tagen ohne Angabe von Gr\u00fcnden in Textform (z. B. Brief, Fax, E-Mail) oder \u2013 wenn Ihnen die Sache vor Fristablauf \u00fcberlassen wird \u2013 auch durch R\u00fccksendung der Sache widerrufen. Die Frist beginnt nach Erhalt dieser Belehrung in Textform, jedoch nicht vor Eingang der Ware beim Empf\u00e4nger (bei der wiederkehrenden Lieferung gleichartiger Waren nicht vor Eingang der ersten Teillieferung) und auch nicht vor Erf\u00fcllung unserer Informationspflichten gem\u00e4\u00df Artikel 246 \u00a7 2 in Verbindung mit \u00a7 1 Abs. 1 und 2 EGBGB sowie unserer Pflichten gem\u00e4\u00df \u00a7 312g Abs. 1 Satz 1 BGB in Verbindung mit Artikel 246 \u00a7 3 EGBGB. Zur Wahrung der Widerrufsfrist gen\u00fcgt die rechtzeitige Absendung des Widerrufs oder der Sache.<\/strong><\/p>\n<p><strong>Der Widerruf ist zu richten an:<\/strong><\/p>\n<p><strong>Allg\u00e4u \u2013 BBQ<\/strong><br \/>\n<strong> Berthold Mimm<\/strong><br \/>\n<strong>Staibshof 4<\/strong><br \/>\n<strong> D-88353 Ki\u00dflegg<\/strong><br \/>\n<strong> E-Mail info@allgaeu-bbq.de<br \/>\n<\/strong><\/p>\n<p><strong>Widerrufsfolgen<\/strong><\/p>\n<p><strong>Im Falle eines wirksamen Widerrufs sind die beiderseits empfangenen Leistungen zur\u00fcckzugew\u00e4hren und ggf. gezogene Nutzungen (z. B. Zinsen) herauszugeben. K\u00f6nnen Sie uns die empfangene Leistung sowie Nutzungen (z. B. Gebrauchsvorteile) nicht oder teilweise nicht oder nur in verschlechtertem Zustand zur\u00fcckgew\u00e4hren beziehungsweise herausgeben, m\u00fcssen Sie uns insoweit Wertersatz leisten. F\u00fcr die Verschlechterung der Sache und f\u00fcr gezogene Nutzungen m\u00fcssen Sie Wertersatz nur leisten, soweit die Nutzungen oder die Verschlechterung auf einen Umgang mit der Sache zur\u00fcckzuf\u00fchren ist, der \u00fcber die Pr\u00fcfung der Eigenschaften und der Funktionsweise hinausgeht. Unter \u201ePr\u00fcfung der Eigenschaften und der Funktionsweise\u201c versteht man das Testen und Ausprobieren der jeweiligen Ware, wie es etwa im Ladengesch\u00e4ft m\u00f6glich und \u00fcblich ist.<\/strong><br \/>\n<strong> Paketversandf\u00e4hige Sachen sind auf unsere Gefahr zur\u00fcckzusenden. Sie haben die regelm\u00e4\u00dfigen Kosten der R\u00fccksendung zu tragen, wenn die gelieferte Ware der bestellten entspricht und wenn der Preis der zur\u00fcckzusendenden Sache einen Betrag von 40 Euro nicht \u00fcbersteigt oder wenn Sie bei einem h\u00f6heren Preis der Sache zum Zeitpunkt des Widerrufs noch nicht die Gegenleistung oder eine vertraglich vereinbarte Teilzahlung erbracht haben. Anderenfalls ist die R\u00fccksendung f\u00fcr Sie kostenfrei. Nicht paketversandf\u00e4hige Sachen werden bei Ihnen abgeholt. Verpflichtungen zur Erstattung von Zahlungen m\u00fcssen innerhalb von 30 Tagen erf\u00fcllt werden. Die Frist beginnt f\u00fcr Sie mit der Absendung Ihrer Widerrufserkl\u00e4rung oder der Sache, f\u00fcr uns mit deren Empfang.<\/strong><\/p>\n<p><strong>Ende der Widerrufsbelehrung<\/strong><\/p>\n<p><strong>****************************************************************************************************<\/strong><\/p>\n<p><strong>\u00a77 Vertragliche Regelung bez\u00fcglich der R\u00fccksendekosten bei Widerruf<br \/>\n<\/strong><br \/>\n<strong> Sollten Sie von Ihrem Widerrufsrecht Gebrauch machen, so gilt im Einklang mit \u00a7 357 Abs. 2 BGB, folgende Vereinbarung, nach der Sie die regelm\u00e4\u00dfigen Kosten der R\u00fccksendung zu tragen haben, wenn die gelieferte Ware der bestellten entspricht und wenn der Preis der zur\u00fcckzusendenden Sache einen Betrag von 40 Euro nicht \u00fcbersteigt oder wenn Sie bei einem h\u00f6heren Preis der Sache zum Zeitpunkt des Widerrufs noch nicht die Gegenleistung oder eine vertraglich vereinbarte Teilzahlung erbracht haben.<\/strong><br \/>\n<strong> Anderenfalls ist die R\u00fccksendung f\u00fcr Sie kostenfrei.<\/strong><\/p>\n<p><strong>\u00a78 Vertragsprache<br \/>\n<\/strong><br \/>\n<strong> Als Vertragssprache steht ausschlie\u00dflich Deutsch zur Verf\u00fcgung.<\/strong><\/p>\n<p><strong>Stand der AGB Jul.2013<\/strong><\/p>\n<p><strong>Gratis AGB erstellt von agb.de<\/strong><\/p>\n","protected":false},"excerpt":{"rendered":"<p>AGB Allgemeine Gesch\u00e4ftsbedingungen der Firma Allg\u00e4u \u2013 BBQ \u00a71 Geltung gegen\u00fcber Unternehmern und Begriffsdefinitionen (1) Die nachfolgenden Allgemeinen Gesch\u00e4ftbedingungen gelten f\u00fcr alle Lieferungen zwischen uns und einem Verbraucher in ihrer zum Zeitpunkt der Bestellung g\u00fcltigen Fassung. (2) \u201eVerbraucher\u201c in Sinne dieser Gesch\u00e4ftsbedingungen ist jede nat\u00fcrliche Person, die ein Rechtsgesch\u00e4ft zu einem Zwecke abschlie\u00dft, der weder [&hellip;]<\/p>\n","protected":false},"author":1,"featured_media":0,"parent":0,"menu_order":0,"comment_status":"closed","ping_status":"closed","template":"","meta":{"footnotes":""},"class_list":["post-13","page","type-page","status-publish","hentry"],"jetpack_sharing_enabled":true,"_links":{"self":[{"href":"https:\/\/www.allgaeu-bbq.de\/index.php\/wp-json\/wp\/v2\/pages\/13","targetHints":{"allow":["GET"]}}],"collection":[{"href":"https:\/\/www.allgaeu-bbq.de\/index.php\/wp-json\/wp\/v2\/pages"}],"about":[{"href":"https:\/\/www.allgaeu-bbq.de\/index.php\/wp-json\/wp\/v2\/types\/page"}],"author":[{"embeddable":true,"href":"https:\/\/www.allgaeu-bbq.de\/index.php\/wp-json\/wp\/v2\/users\/1"}],"replies":[{"embeddable":true,"href":"https:\/\/www.allgaeu-bbq.de\/index.php\/wp-json\/wp\/v2\/comments?post=13"}],"version-history":[{"count":5,"href":"https:\/\/www.allgaeu-bbq.de\/index.php\/wp-json\/wp\/v2\/pages\/13\/revisions"}],"predecessor-version":[{"id":180,"href":"https:\/\/www.allgaeu-bbq.de\/index.php\/wp-json\/wp\/v2\/pages\/13\/revisions\/180"}],"wp:attachment":[{"href":"https:\/\/www.allgaeu-bbq.de\/index.php\/wp-json\/wp\/v2\/media?parent=13"}],"curies":[{"name":"wp","href":"https:\/\/api.w.org\/{rel}","templated":true}]}}